{"id":77,"date":"2019-10-25T11:15:48","date_gmt":"2019-10-25T14:15:48","guid":{"rendered":"https:\/\/belbarcellos.com.br\/belbarcellos\/?page_id=77"},"modified":"2019-10-31T21:24:30","modified_gmt":"2019-11-01T00:24:30","slug":"curriculum","status":"publish","type":"page","link":"https:\/\/belbarcellos.com.br\/belbarcellos\/curriculum\/","title":{"rendered":"Curriculum"},"content":{"rendered":"<div class=\"fusion-fullwidth fullwidth-box nonhundred-percent-fullwidth non-hundred-percent-height-scrolling\"  style='background-color: rgba(255,255,255,0);background-position: center center;background-repeat: no-repeat;padding-top:0px;padding-right:0px;padding-bottom:0px;padding-left:0px;'><div class=\"fusion-builder-row fusion-row \"><div  class=\"fusion-layout-column fusion_builder_column fusion_builder_column_1_2  fusion-one-half fusion-column-first 1_2\"  style='margin-top:0px;margin-bottom:20px;width:50%;width:calc(50% - ( ( 4% ) * 0.5 ) );margin-right: 4%;'>\n\t\t\t\t\t<div class=\"fusion-column-wrapper\" style=\"padding: 0px 0px 0px 0px;background-position:left top;background-repeat:no-repeat;-webkit-background-size:cover;-moz-background-size:cover;-o-background-size:cover;background-size:cover;\"  data-bg-url=\"\">\n\t\t\t\t\t\t<div class=\"fusion-text\"><p style=\"text-align: left;\">Boston, Massachusetts, 1966.<br \/>\nBacharelado em Cenografia pela Universidade do Rio de Janeiro, Uni-Rio, 1989.<br \/>\nMestrado em Artes C\u00eanicas pela University of Hull, Inglaterra, como bolsista da CAPES, 1992.<br \/>\nVive e trabalha no Rio de Janeiro desde 1984.<\/p>\n<p style=\"text-align: left;\"><strong>Exposi\u00e7\u00f5es Individuais<\/strong><\/p>\n<ul style=\"text-align: left;\">\n<li>2018 &#8211; Conex\u00f5es, Gaby Indio da Costa Arte Contempor\u00e2nea, Rio de Janeiro<\/li>\n<li>2016 &#8211; Como somos, Galeria Karla Oz\u00f3rio, Bras\u00edlia, DF<\/li>\n<li>2014 &#8211; N\u00f3s, HAP Galeria, Rio de Janeiro<\/li>\n<li>2010 &#8211; Fios\/Hilos, Museo de Arte Contempor\u00e1neo Ateneo de Yucat\u00e1n M\u00e9rida, M\u00e9xico<br \/>\n<em>\u00a0\u00a0\u00a0\u00a0\u00a0\u00a0\u00a0 <\/em>&#8211; Schim\u00e4re, Galeria do Consulado Brasileiro, Frankfurt, Alemanha<\/li>\n<li>2009 &#8211; De t\u00e3o alvas, quase almas, Museu Brasileiro de Escultura, S\u00e3o Paulo<\/li>\n<li>2006 &#8211; De t\u00e3o alvas, quase almas, SESC Petr\u00f3polis, Petr\u00f3polis<\/li>\n<li>2005 &#8211; De t\u00e3o alvas, quase almas, Centro Cultural Correios, Rio de Janeiro<br \/>\n<em>\u00a0\u00a0\u00a0\u00a0\u00a0\u00a0\u00a0 <\/em>&#8211; Museu de Arte Contemporanea de Olinda, Recife<\/li>\n<li>1998 &#8211; Prociss\u00e3o, Museu da Rep\u00fablica, Rio de Janeiro<\/li>\n<li>1997 &#8211; Pinturas, Centro Cultural do BANDEPE, Recife<br \/>\n<em>\u00a0\u00a0\u00a0\u00a0\u00a0\u00a0\u00a0 <\/em>&#8211; Refer\u00eancias, Colet\u00e2nea Galeria de Arte, Rio de Janeiro<\/li>\n<li>1996 &#8211; Pinturas, Centro de Estudos Brasileiros, Maputo, Mo\u00e7ambique<br \/>\n<em>\u00a0\u00a0\u00a0\u00a0\u00a0\u00a0\u00a0 <\/em>&#8211; Mat\u00e9ria, passagem, esp\u00edrito, Casa de Cultura Laura Alvim, Rio de Janeiro<\/li>\n<li>1995 &#8211; Tr\u00eas tempos de pintura, Museu Nacional de Belas Artes, Rio de Janeiro<\/li>\n<\/ul>\n<p style=\"text-align: left;\"><strong>Exposi\u00e7\u00f5es Coletivas<\/strong><\/p>\n<ul style=\"text-align: left;\">\n<li>2019 &#8211; Mulheres na Cole\u00e7\u00e3o MAR, Museu de arte do Rio, Rio de Janeiro<br \/>\n<em>\u00a0\u00a0\u00a0\u00a0\u00a0\u00a0\u00a0 <\/em>&#8211; De Pedras a p\u00e1ssaros, dire\u00e7\u00f5es e sentidos, O\u00c1 Galeria, Vit\u00f3ria<br \/>\n<em>\u00a0\u00a0\u00a0\u00a0\u00a0\u00a0\u00a0 <\/em>&#8211; Lacunas Preenchidas, Galeria Villa Aymor\u00e9, Rio de Janeiro<\/li>\n<li>2011 &#8211; Da cor de rosa choque, CEDIM, Rio de Janeiro<\/li>\n<li>2009 &#8211; Drawing lines, Sch\u00fcebbe Projects, D\u00fcsseldorf, Alemanha<\/li>\n<li>2008 &#8211; Linha dez, nas onze, Espa\u00e7o Clarab\u00f3ia, Rio de Janeiro<\/li>\n<li>2003 &#8211; Grande Orl\u00e2ndia, ocupa\u00e7\u00e3o espa\u00e7o alternativo, Rio de Janeiro<\/li>\n<li>2001 &#8211; Nova Orl\u00e2ndia, ocupa\u00e7\u00e3o espa\u00e7o alternativo, Rio de Janeiro<br \/>\n<em>\u00a0\u00a0\u00a0\u00a0\u00a0\u00a0\u00a0 <\/em>&#8211; Orl\u00e2ndia, ocupa\u00e7\u00e3o espa\u00e7o alternativo, Rio de Janeiro<\/li>\n<li>2000 &#8211; Brasilidades, Centro Cultural da Light, Rio de Janeiro<\/li>\n<li>1997 &#8211; O Feminino, Museu da Rep\u00fablica, Rio de Janeiro<\/li>\n<li>1996 &#8211; Frente \u00e0 Frente, Espa\u00e7o Cultural Correios, Rio de Janeiro<br \/>\n<em>\u00a0\u00a0\u00a0\u00a0\u00a0\u00a0\u00a0 <\/em>&#8211; Um Olhar sobre Atlanta, Casa de Cultura Laura Alvim, Rio de Janeiro<\/li>\n<li>1995 &#8211; Ano III, n XIII, Galeria Primeiro Piso, Parque Lage, Rio de Janeiro<br \/>\n<em>\u00a0\u00a0\u00a0\u00a0\u00a0\u00a0\u00a0 <\/em>&#8211; Da Cor do Rio, Espa\u00e7o Cultural dos Correios, Rio de Janeiro<br \/>\n<em>\u00a0\u00a0\u00a0\u00a0\u00a0\u00a0\u00a0 <\/em>&#8211; Verticalidade, Museu da Rep\u00fablica, Rio de Janeiro, RJ<br \/>\n<em>\u00a0\u00a0\u00a0\u00a0\u00a0\u00a0\u00a0 <\/em>&#8211; II Sal\u00e3o MAM de Artes Pl\u00e1sticas, Solar do Unh\u00e3o, Salvador<\/li>\n<\/ul>\n<p style=\"text-align: left;\"><strong>Instala\u00e7\u00f5es<\/strong><\/p>\n<ul style=\"text-align: left;\">\n<li>2012 &#8211; Teatro dos ouvidos, Parque das Ru\u00ednas, Rio de Janeiro<\/li>\n<li>2011 &#8211; Teatro dos ouvidos, Espa\u00e7o Cultural S\u00e9rgio Porto, Rio de Janeiro<\/li>\n<li>2000 &#8211; O Indiz\u00edvel, Espa\u00e7o Cultural S\u00e9rgio Porto, Rio de Janeiro<\/li>\n<li>1993 &#8211; Hemisf\u00e9rios, Espa\u00e7o Cultural S\u00e9rgio Porto, Rio de Janeiro<\/li>\n<li>1992 &#8211; La Vie en Rose, Espa\u00e7o Cultural S\u00e9rgio Porto, Rio de Janeiro<\/li>\n<\/ul>\n<p style=\"text-align: left;\"><strong>Livros<\/strong><\/p>\n<ul style=\"text-align: left;\">\n<li>2012 &#8211; O velho e a Mosca &#8211; Editora Rocco, Rio de Janeiro<\/li>\n<li>2004 &#8211; Rio Ateli\u00eas &#8211; Editora SENAC Rio, Rio de Janeiro<\/li>\n<li>1996 &#8211; Dialeto, volume1 &#8211; Rio de Janeiro<\/li>\n<\/ul>\n<p style=\"text-align: left;\"><strong>Obras em Cole\u00e7\u00f5es &#8211; Museus e Institui\u00e7\u00f5es<\/strong><\/p>\n<ul>\n<li style=\"text-align: left;\">The Ella Fontanal-Cisneros Collection &#8211; Miami<\/li>\n<li style=\"text-align: left;\">Museu de Arte do Rio &#8211; Rio de Janeiro<\/li>\n<li style=\"text-align: left;\">Museu Nacional de Belas Artes &#8211; Rio de Janeiro<\/li>\n<li style=\"text-align: left;\">Centro Cultural Correios &#8211; Rio de Janeiro<\/li>\n<li style=\"text-align: left;\">Casa de Cultura Laura Alvim &#8211; Rio de Janeiro<\/li>\n<\/ul>\n<\/div><div class=\"fusion-clearfix\"><\/div>\n\n\t\t\t\t\t<\/div>\n\t\t\t\t<\/div><div  class=\"fusion-layout-column fusion_builder_column fusion_builder_column_1_2  fusion-one-half fusion-column-last 1_2\"  style='margin-top:0px;margin-bottom:20px;width:50%;width:calc(50% - ( ( 4% ) * 0.5 ) );'>\n\t\t\t\t\t<div class=\"fusion-column-wrapper\" style=\"padding: 0px 0px 0px 0px;background-position:left top;background-repeat:no-repeat;-webkit-background-size:cover;-moz-background-size:cover;-o-background-size:cover;background-size:cover;\"  data-bg-url=\"\">\n\t\t\t\t\t\t<div class=\"fusion-text\"><p style=\"text-align: left;\"><em>Born in Boston, Massachusetts, 1966.<\/em><br \/>\n<em>Graduated in Set Design from the University of Rio de Janeiro, Brazil, in 1989.<\/em><br \/>\n<em>Masters degree in Theatre Design, with scholarship from CAPES, from the University of Hull, England, in 1992.<\/em><br \/>\n<em>Lives and works in Rio de Janeiro since 1984.<\/em><\/p>\n<p style=\"text-align: left;\"><em><strong>S<\/strong><strong>olo exhibitions<\/strong><\/em><\/p>\n<ul style=\"text-align: left;\">\n<li><em>2018 &#8211; Connections, Gaby Indio da Costa Arte Contempor\u00e2nea, Rio de Janeiro<\/em><\/li>\n<li><em>2016 &#8211; As we are, Galeria Karla Oz\u00f3rio , Bras\u00edlia<\/em><\/li>\n<li><em>2014 &#8211; Us, HAP Galeria, Rio de Janeiro<\/em><\/li>\n<li><em>2010 &#8211; Threads\/Hilos, Museo de Arte Contempor\u00e1neo Ateneo\u00a0 de Yucat\u00e1n, M\u00e9rida, Mexico<\/em><br \/>\n<em>\u00a0\u00a0\u00a0\u00a0\u00a0\u00a0\u00a0 &#8211; Schim\u00e4re, Brazilian Consulate Gallery, Frankfurt, Germany<\/em><\/li>\n<li><em>2009 &#8211; Whiteness, quasi-souls, Museu Brasileiro de Escultura, S\u00e3o Paulo<\/em><\/li>\n<li><em>2005 &#8211; Whiteness, quasi-souls, Centro cultural Correios, Rio de Janeiro<\/em><br \/>\n<em>\u00a0\u00a0\u00a0\u00a0\u00a0\u00a0\u00a0 &#8211; Museu de Arte Contempor\u00e2nea of Olinda, Recife<\/em><\/li>\n<li><em>1998 &#8211; Procession, Museu da Republica, Rio de Janeiro<\/em><\/li>\n<li><em>1997 &#8211; Paintings, Centro Cultural do BANDEPE, Recife<\/em><br \/>\n<em>\u00a0\u00a0\u00a0\u00a0\u00a0\u00a0\u00a0 &#8211; References, Galeria Colet\u00e2nea, Rio de Janeiro<\/em><\/li>\n<li><em>1996 &#8211; Paintings, Centro de Estudos Brasileiros, Maputo, Mozambique<\/em><br \/>\n<em>\u00a0\u00a0\u00a0\u00a0\u00a0\u00a0\u00a0 &#8211; Flesh, Death and Spirit, Casa de Cultura Laura Alvim, Rio de Janeiro<\/em><\/li>\n<li><em>1995 &#8211; Three timings of painting, Museu Nacional de Belas Artes, Rio de Janeiro<\/em><\/li>\n<\/ul>\n<p style=\"text-align: left;\"><em><strong>Group Exhibitions<\/strong><\/em><\/p>\n<ul style=\"text-align: left;\">\n<li><em>2019 &#8211; Women of the MAR collection, Museu de Arte do Rio, Rio de Janeiro<\/em><br \/>\n<em>\u00a0\u00a0\u00a0\u00a0\u00a0\u00a0\u00a0 &#8211;\u00a0 From rocks to birds: directions and paths, O\u00c1 Galeria, Vit\u00f3ria<\/em><br \/>\n<em>\u00a0\u00a0\u00a0\u00a0\u00a0\u00a0\u00a0 &#8211; Filled in Gaps, Galeria Villa Aymor\u00e9, Rio de Janeiro<\/em><\/li>\n<li><em>2011 &#8211; The shocking pink color, CEDIM, Rio de Janeiro<\/em><\/li>\n<li><em>2009 &#8211; Drawing lines, Schuebbe Projects, D\u00fcsseldorf, Germany<\/em><\/li>\n<li><em>2008 &#8211; On the tenth line, at eleven, Espa\u00e7o Clarab\u00f3ia, Rio de Janeiro<\/em><\/li>\n<li><em>2003 &#8211; Grande Orlandia, exhibition at an abandoned house, Rio de Janeiro<\/em><\/li>\n<li><em>2001 &#8211; New Orlandia, exhibition at an abandoned house, Rio de Janeiro<\/em><br \/>\n<em>\u00a0\u00a0\u00a0\u00a0\u00a0\u00a0\u00a0 &#8211; Orlandia, exhibition at an abandoned house, Rio de Janeiro<\/em><\/li>\n<li><em>2000 &#8211; Brasilidades, Centro Cultural da Light, Rio de Janeiro<\/em><\/li>\n<li><em>1997 &#8211; The Feminine, Museu da Rep\u00fablica, Rio de Janeiro<\/em><\/li>\n<li><em>1996 &#8211; Face to Face, Espa\u00e7o Cultural dos Correios, Rio de Janeiro<\/em><br \/>\n<em>\u00a0\u00a0\u00a0\u00a0\u00a0\u00a0\u00a0 &#8211; Looking at Atlanta, Casa de Cultura Laura Avim\u201d, Rio de Janeiro<\/em><\/li>\n<li><em>1995 &#8211;\u00a0 Year III, n\u00ba\u00a0 XIII, Galeria Primeiro Piso do Parque Lage, Rio de Janeiro<\/em><br \/>\n<em>\u00a0\u00a0\u00a0\u00a0\u00a0\u00a0\u00a0 &#8211; Colors of Rio Espa\u00e7o Cultural dos Correios, Rio de Janeiro<\/em><br \/>\n<em>\u00a0\u00a0\u00a0\u00a0\u00a0\u00a0\u00a0 &#8211;\u00a0 Verticality Museu da Republica, Rio de Janeiro<\/em><br \/>\n<em>\u00a0\u00a0\u00a0\u00a0\u00a0\u00a0\u00a0 &#8211;\u00a0 II Saloon MAM of Fine Arts, Solar do Unh\u00e3o,\u00a0 Salvador<\/em><\/li>\n<\/ul>\n<p style=\"text-align: left;\"><em><strong>Installations<\/strong><\/em><\/p>\n<ul style=\"text-align: left;\">\n<li><em>2012 &#8211; The theatre of the ears, Parque das Ru\u00ednas, Rio de Janeiro<\/em><\/li>\n<li><em>2011 &#8211; The theatre of the ears, Espa\u00e7o Cultural Sergio Porto, Rio de Janeiro<\/em><\/li>\n<li><em>2000 &#8211; O Indiz\u00edvel, Espa\u00e7o Cultural S\u00e9rgio Porto, Rio de Janeiro<\/em><\/li>\n<li><em>1993 &#8211; Hemispheres, Espa\u00e7o Cultural Sergio Porto, Rio de Janeiro<\/em><\/li>\n<li><em>1992 &#8211; LA vie en Rose, Espa\u00e7o Cultural Sergio Porto, Rio de Janeiro<\/em><\/li>\n<\/ul>\n<p style=\"text-align: left;\"><em><strong>Books<\/strong><\/em><\/p>\n<ul style=\"text-align: left;\">\n<li><em>2012 &#8211; O velho e a Mosca &#8211; Editora Rocco, Rio de Janeiro<\/em><\/li>\n<li><em>2004 &#8211; Rio Ateli\u00eas &#8211; Editora SENAC Rio, Rio de Janeiro<\/em><\/li>\n<li><em>1996 &#8211; Dialeto, volume1 &#8211; Rio de Janeiro<\/em><\/li>\n<\/ul>\n<p style=\"text-align: left;\"><em><strong>A<\/strong><strong>rtworks in Museums and Foundations <\/strong><\/em><\/p>\n<ul>\n<li style=\"text-align: left;\"><em>The Ella Fontanal-Cisneros Collection &#8211; Miami<\/em><\/li>\n<li style=\"text-align: left;\"><em>Museu de Arte do Rio &#8211; Rio de Janeiro<\/em><\/li>\n<li style=\"text-align: left;\"><em>Museu Nacional de Belas Artes &#8211; Rio de Janeiro<\/em><\/li>\n<li style=\"text-align: left;\"><em>Centro Cultural Correios &#8211; Rio de Janeiro<\/em><\/li>\n<li style=\"text-align: left;\"><em>Casa de Cultura Laura Alvim &#8211; Rio de Janeiro<\/em><\/li>\n<\/ul>\n<\/div><div class=\"fusion-clearfix\"><\/div>\n\n\t\t\t\t\t<\/div>\n\t\t\t\t<\/div><\/div><\/div>\n","protected":false},"excerpt":{"rendered":"","protected":false},"author":1,"featured_media":0,"parent":0,"menu_order":0,"comment_status":"closed","ping_status":"closed","template":"","meta":{"footnotes":""},"class_list":["post-77","page","type-page","status-publish","hentry"],"_links":{"self":[{"href":"https:\/\/belbarcellos.com.br\/belbarcellos\/wp-json\/wp\/v2\/pages\/77","targetHints":{"allow":["GET"]}}],"collection":[{"href":"https:\/\/belbarcellos.com.br\/belbarcellos\/wp-json\/wp\/v2\/pages"}],"about":[{"href":"https:\/\/belbarcellos.com.br\/belbarcellos\/wp-json\/wp\/v2\/types\/page"}],"author":[{"embeddable":true,"href":"https:\/\/belbarcellos.com.br\/belbarcellos\/wp-json\/wp\/v2\/users\/1"}],"replies":[{"embeddable":true,"href":"https:\/\/belbarcellos.com.br\/belbarcellos\/wp-json\/wp\/v2\/comments?post=77"}],"version-history":[{"count":11,"href":"https:\/\/belbarcellos.com.br\/belbarcellos\/wp-json\/wp\/v2\/pages\/77\/revisions"}],"predecessor-version":[{"id":288,"href":"https:\/\/belbarcellos.com.br\/belbarcellos\/wp-json\/wp\/v2\/pages\/77\/revisions\/288"}],"wp:attachment":[{"href":"https:\/\/belbarcellos.com.br\/belbarcellos\/wp-json\/wp\/v2\/media?parent=77"}],"curies":[{"name":"wp","href":"https:\/\/api.w.org\/{rel}","templated":true}]}}