{"id":405,"date":"2019-11-02T14:50:18","date_gmt":"2019-11-02T17:50:18","guid":{"rendered":"https:\/\/belbarcellos.com.br\/belbarcellos\/?page_id=405"},"modified":"2019-11-07T16:11:08","modified_gmt":"2019-11-07T19:11:08","slug":"exhibitions","status":"publish","type":"page","link":"https:\/\/belbarcellos.com.br\/belbarcellos\/exhibitions\/","title":{"rendered":"Exposi\u00e7\u00f5es\/Exhibitions"},"content":{"rendered":"<div class=\"fusion-fullwidth fullwidth-box nonhundred-percent-fullwidth non-hundred-percent-height-scrolling\"  style='background-color: rgba(255,255,255,0);background-position: center center;background-repeat: no-repeat;padding-top:0px;padding-right:0px;padding-bottom:0px;padding-left:0px;'><div class=\"fusion-builder-row fusion-row \"><div  class=\"fusion-layout-column fusion_builder_column fusion_builder_column_1_3  fusion-one-third fusion-column-first 1_3\"  style='margin-top:0px;margin-bottom:20px;width:33.33%;width:calc(33.33% - ( ( 4% + 4% ) * 0.3333 ) );margin-right: 4%;'>\n\t\t\t\t\t<div class=\"fusion-column-wrapper\" style=\"padding: 0px 0px 0px 0px;background-position:left top;background-repeat:no-repeat;-webkit-background-size:cover;-moz-background-size:cover;-o-background-size:cover;background-size:cover;\"  data-bg-url=\"\">\n\t\t\t\t\t\t<div class=\"fusion-clearfix\"><\/div>\n\n\t\t\t\t\t<\/div>\n\t\t\t\t<\/div><div  class=\"fusion-layout-column fusion_builder_column fusion_builder_column_1_3  fusion-one-third 1_3\"  style='margin-top:0px;margin-bottom:20px;width:33.33%;width:calc(33.33% - ( ( 4% + 4% ) * 0.3333 ) );margin-right: 4%;'>\n\t\t\t\t\t<div class=\"fusion-column-wrapper\" style=\"padding: 0px 0px 0px 0px;background-position:left top;background-repeat:no-repeat;-webkit-background-size:cover;-moz-background-size:cover;-o-background-size:cover;background-size:cover;\"  data-bg-url=\"\">\n\t\t\t\t\t\t<div class=\"fusion-blog-shortcode fusion-blog-shortcode-1 fusion-blog-archive fusion-blog-layout-grid-wrapper fusion-blog-infinite\"><style type=\"text\/css\">.fusion-blog-shortcode-1 .fusion-blog-layout-grid .fusion-post-grid{padding:10px;}.fusion-blog-shortcode-1 .fusion-posts-container{margin-left: -10px !important; margin-right:-10px !important;}<\/style><div class=\"fusion-posts-container fusion-posts-container-infinite fusion-no-meta-info fusion-blog-rollover fusion-blog-layout-grid fusion-blog-layout-grid-1 isotope fusion-blog-equal-heights\" data-pages=\"1\" data-grid-col-space=\"20\" style=\"margin: -10px -10px 0;min-height:500px;\"><article id=\"blog-1-post-819\" class=\"fusion-post-grid post-819 post type-post status-publish format-standard has-post-thumbnail hentry category-exhibitions\">\n<div class=\"fusion-post-wrapper\" style=\"background-color:rgba(255,255,255,0);border:1px solid #ffffff;border-bottom-width:3px;\">\n\n\t\t\t<div class=\"fusion-flexslider flexslider fusion-flexslider-loading fusion-post-slideshow\" style=&quot;border-color:#ffffff&quot;>\n\t\t<ul class=\"slides\">\n\t\t\t\n\t\t\t\t\t\t\t\t\t\t\t\t\t\t\t\t\t\t<li>\n\n<div  class=\"fusion-image-wrapper\" aria-haspopup=\"true\">\n\t\n\t\n\t\t\n\t\t\t\t\t<img loading=\"lazy\" decoding=\"async\" width=\"540\" height=\"400\" src=\"https:\/\/belbarcellos.com.br\/belbarcellos\/wp-content\/uploads\/2019\/11\/mini_pedras-1-400x296.jpg\" class=\"attachment-full size-full wp-post-image\" alt=\"\" srcset=\"https:\/\/belbarcellos.com.br\/belbarcellos\/wp-content\/uploads\/2019\/11\/mini_pedras-1-200x148.jpg 200w, https:\/\/belbarcellos.com.br\/belbarcellos\/wp-content\/uploads\/2019\/11\/mini_pedras-1-400x296.jpg 400w, https:\/\/belbarcellos.com.br\/belbarcellos\/wp-content\/uploads\/2019\/11\/mini_pedras-1.jpg 540w\" sizes=\"auto, (min-width: 2200px) 100vw, (min-width: 640px) 1170px, \" \/>\n\t\n\n\t\t<div class=\"fusion-rollover\">\n\t<div class=\"fusion-rollover-content\">\n\n\t\t\t\t\t\t\t\t\t\t\t\t\t\t<a class=\"fusion-rollover-link\" href=\"https:\/\/belbarcellos.com.br\/belbarcellos\/de-pedras-a-passaros-direcoes-e-sentidos-from-stones-to-birds-directions-and-meanings-oa-galeria-2019\/\">De pedras a p\u00e1ssaros, dire\u00e7\u00f5es e sentidos | <i>From stones to birds, directions and meanings<\/i> &#8211; O\u00c1 Galeria &#8211; 2019<\/a>\n\t\t\t\n\t\t\t\t\t\t\t\t\n\t\t\t\t\n\t\t\t\t\t\t\t\t\n\t\t\t\t\t\t\t\t\n\t\t\n\t\t\t\t<a class=\"fusion-link-wrapper\" href=\"https:\/\/belbarcellos.com.br\/belbarcellos\/de-pedras-a-passaros-direcoes-e-sentidos-from-stones-to-birds-directions-and-meanings-oa-galeria-2019\/\" aria-label=\"De pedras a p\u00e1ssaros, dire\u00e7\u00f5es e sentidos | <i>From stones to birds, directions and meanings<\/i> &#8211; O\u00c1 Galeria &#8211; 2019\"><\/a>\n\t<\/div>\n<\/div>\n\n\t\n<\/div>\n<\/li>\n\t\t\t\n\t\t\t\n\t\t\t\t\t\t\t\t\t\t\t\t\t\t\t\t\t\t\t\t\t\t\t\t\t\t\t\t\t\t\t\t\t\t\t\t\t\t\t\t\t\t\t\t\t\t\t\t\t\t\t\t\t\t\t\t\t\t\t\t\t\t\t\t\t\t\t\t<\/ul>\n\t<\/div>\n<div class=\"fusion-post-content-wrapper\" style=\"padding:10 15 10 15;\"><div class=\"fusion-post-content post-content\"><h2 class=\"blog-shortcode-post-title entry-title\"><a href=\"https:\/\/belbarcellos.com.br\/belbarcellos\/de-pedras-a-passaros-direcoes-e-sentidos-from-stones-to-birds-directions-and-meanings-oa-galeria-2019\/\">De pedras a p\u00e1ssaros, dire\u00e7\u00f5es e sentidos | <i>From stones to birds, directions and meanings<\/i> &#8211; O\u00c1 Galeria &#8211; 2019<\/a><\/h2><\/div><\/div><div class=\"fusion-clearfix\"><\/div><\/div>\n<\/article>\n<article id=\"blog-1-post-229\" class=\"fusion-post-grid post-229 post type-post status-publish format-standard has-post-thumbnail hentry category-exhibitions\">\n<div class=\"fusion-post-wrapper\" style=\"background-color:rgba(255,255,255,0);border:1px solid #ffffff;border-bottom-width:3px;\">\n\n\t\t\t<div class=\"fusion-flexslider flexslider fusion-flexslider-loading fusion-post-slideshow\" style=&quot;border-color:#ffffff&quot;>\n\t\t<ul class=\"slides\">\n\t\t\t\n\t\t\t\t\t\t\t\t\t\t\t\t\t\t\t\t\t\t<li>\n\n<div  class=\"fusion-image-wrapper\" aria-haspopup=\"true\">\n\t\n\t\n\t\t\n\t\t\t\t\t<img loading=\"lazy\" decoding=\"async\" width=\"540\" height=\"400\" src=\"https:\/\/belbarcellos.com.br\/belbarcellos\/wp-content\/uploads\/2019\/10\/mini-conexao-expo-400x296.jpg\" class=\"attachment-full size-full wp-post-image\" alt=\"\" srcset=\"https:\/\/belbarcellos.com.br\/belbarcellos\/wp-content\/uploads\/2019\/10\/mini-conexao-expo-200x148.jpg 200w, https:\/\/belbarcellos.com.br\/belbarcellos\/wp-content\/uploads\/2019\/10\/mini-conexao-expo-400x296.jpg 400w, https:\/\/belbarcellos.com.br\/belbarcellos\/wp-content\/uploads\/2019\/10\/mini-conexao-expo.jpg 540w\" sizes=\"auto, (min-width: 2200px) 100vw, (min-width: 640px) 1170px, \" \/>\n\t\n\n\t\t<div class=\"fusion-rollover\">\n\t<div class=\"fusion-rollover-content\">\n\n\t\t\t\t\t\t\t\t\t\t\t\t\t\t<a class=\"fusion-rollover-link\" href=\"https:\/\/belbarcellos.com.br\/belbarcellos\/conexoes-connections-2\/\">Conex\u00f5es | <i>Connections<\/i> &#8211; Galeria Gaby Indio da Costa Arte Contempor\u00e2nea &#8211; 2018<\/a>\n\t\t\t\n\t\t\t\t\t\t\t\t\n\t\t\t\t\n\t\t\t\t\t\t\t\t\n\t\t\t\t\t\t\t\t\n\t\t\n\t\t\t\t<a class=\"fusion-link-wrapper\" href=\"https:\/\/belbarcellos.com.br\/belbarcellos\/conexoes-connections-2\/\" aria-label=\"Conex\u00f5es | <i>Connections<\/i> &#8211; Galeria Gaby Indio da Costa Arte Contempor\u00e2nea &#8211; 2018\"><\/a>\n\t<\/div>\n<\/div>\n\n\t\n<\/div>\n<\/li>\n\t\t\t\n\t\t\t\n\t\t\t\t\t\t\t\t\t\t\t\t\t\t\t\t\t\t\t\t\t\t\t\t\t\t\t\t\t\t\t\t\t\t\t\t\t\t\t\t\t\t\t\t\t\t\t\t\t\t\t\t\t\t\t\t\t\t\t\t\t\t\t\t\t\t\t\t<\/ul>\n\t<\/div>\n<div class=\"fusion-post-content-wrapper\" style=\"padding:10 15 10 15;\"><div class=\"fusion-post-content post-content\"><h2 class=\"blog-shortcode-post-title entry-title\"><a href=\"https:\/\/belbarcellos.com.br\/belbarcellos\/conexoes-connections-2\/\">Conex\u00f5es | <i>Connections<\/i> &#8211; Galeria Gaby Indio da Costa Arte Contempor\u00e2nea &#8211; 2018<\/a><\/h2><\/div><\/div><div class=\"fusion-clearfix\"><\/div><\/div>\n<\/article>\n<article id=\"blog-1-post-846\" class=\"fusion-post-grid post-846 post type-post status-publish format-standard has-post-thumbnail hentry category-exhibitions\">\n<div class=\"fusion-post-wrapper\" style=\"background-color:rgba(255,255,255,0);border:1px solid #ffffff;border-bottom-width:3px;\">\n\n\t\t\t<div class=\"fusion-flexslider flexslider fusion-flexslider-loading fusion-post-slideshow\" style=&quot;border-color:#ffffff&quot;>\n\t\t<ul class=\"slides\">\n\t\t\t\n\t\t\t\t\t\t\t\t\t\t\t\t\t\t\t\t\t\t<li>\n\n<div  class=\"fusion-image-wrapper\" aria-haspopup=\"true\">\n\t\n\t\n\t\t\n\t\t\t\t\t<img loading=\"lazy\" decoding=\"async\" width=\"540\" height=\"400\" src=\"https:\/\/belbarcellos.com.br\/belbarcellos\/wp-content\/uploads\/2019\/11\/mini_us-400x296.jpg\" class=\"attachment-full size-full wp-post-image\" alt=\"\" srcset=\"https:\/\/belbarcellos.com.br\/belbarcellos\/wp-content\/uploads\/2019\/11\/mini_us-200x148.jpg 200w, https:\/\/belbarcellos.com.br\/belbarcellos\/wp-content\/uploads\/2019\/11\/mini_us-400x296.jpg 400w, https:\/\/belbarcellos.com.br\/belbarcellos\/wp-content\/uploads\/2019\/11\/mini_us.jpg 540w\" sizes=\"auto, (min-width: 2200px) 100vw, (min-width: 640px) 1170px, \" \/>\n\t\n\n\t\t<div class=\"fusion-rollover\">\n\t<div class=\"fusion-rollover-content\">\n\n\t\t\t\t\t\t\t\t\t\t\t\t\t\t<a class=\"fusion-rollover-link\" href=\"https:\/\/belbarcellos.com.br\/belbarcellos\/nos-us-h-a-p-galeria-2014\/\">N\u00f3s | <i>Us<\/i> &#8211; H.A.P Galeria &#8211; 2014<\/a>\n\t\t\t\n\t\t\t\t\t\t\t\t\n\t\t\t\t\n\t\t\t\t\t\t\t\t\n\t\t\t\t\t\t\t\t\n\t\t\n\t\t\t\t<a class=\"fusion-link-wrapper\" href=\"https:\/\/belbarcellos.com.br\/belbarcellos\/nos-us-h-a-p-galeria-2014\/\" aria-label=\"N\u00f3s | <i>Us<\/i> &#8211; H.A.P Galeria &#8211; 2014\"><\/a>\n\t<\/div>\n<\/div>\n\n\t\n<\/div>\n<\/li>\n\t\t\t\n\t\t\t\n\t\t\t\t\t\t\t\t\t\t\t\t\t\t\t\t\t\t\t\t\t\t\t\t\t\t\t\t\t\t\t\t\t\t\t\t\t\t\t\t\t\t\t\t\t\t\t\t\t\t\t\t\t\t\t\t\t\t\t\t\t\t\t\t\t\t\t\t<\/ul>\n\t<\/div>\n<div class=\"fusion-post-content-wrapper\" style=\"padding:10 15 10 15;\"><div class=\"fusion-post-content post-content\"><h2 class=\"blog-shortcode-post-title entry-title\"><a href=\"https:\/\/belbarcellos.com.br\/belbarcellos\/nos-us-h-a-p-galeria-2014\/\">N\u00f3s | <i>Us<\/i> &#8211; H.A.P Galeria &#8211; 2014<\/a><\/h2><\/div><\/div><div class=\"fusion-clearfix\"><\/div><\/div>\n<\/article>\n<article id=\"blog-1-post-894\" class=\"fusion-post-grid post-894 post type-post status-publish format-standard has-post-thumbnail hentry category-exhibitions\">\n<div class=\"fusion-post-wrapper\" style=\"background-color:rgba(255,255,255,0);border:1px solid #ffffff;border-bottom-width:3px;\">\n\n\t\t\t<div class=\"fusion-flexslider flexslider fusion-flexslider-loading fusion-post-slideshow\" style=&quot;border-color:#ffffff&quot;>\n\t\t<ul class=\"slides\">\n\t\t\t\n\t\t\t\t\t\t\t\t\t\t\t\t\t\t\t\t\t\t<li>\n\n<div  class=\"fusion-image-wrapper\" aria-haspopup=\"true\">\n\t\n\t\n\t\t\n\t\t\t\t\t<img loading=\"lazy\" decoding=\"async\" width=\"540\" height=\"400\" src=\"https:\/\/belbarcellos.com.br\/belbarcellos\/wp-content\/uploads\/2019\/11\/mini_teatro-400x296.jpg\" class=\"attachment-full size-full wp-post-image\" alt=\"\" srcset=\"https:\/\/belbarcellos.com.br\/belbarcellos\/wp-content\/uploads\/2019\/11\/mini_teatro-200x148.jpg 200w, https:\/\/belbarcellos.com.br\/belbarcellos\/wp-content\/uploads\/2019\/11\/mini_teatro-400x296.jpg 400w, https:\/\/belbarcellos.com.br\/belbarcellos\/wp-content\/uploads\/2019\/11\/mini_teatro.jpg 540w\" sizes=\"auto, (min-width: 2200px) 100vw, (min-width: 640px) 1170px, \" \/>\n\t\n\n\t\t<div class=\"fusion-rollover\">\n\t<div class=\"fusion-rollover-content\">\n\n\t\t\t\t\t\t\t\t\t\t\t\t\t\t<a class=\"fusion-rollover-link\" href=\"https:\/\/belbarcellos.com.br\/belbarcellos\/teatro-dos-ouvidos-the-theatre-of-the-ears-parque-das-ruinas-2012\/\">Teatro dos Ouvidos | <i>The theatre of the ears<\/i> &#8211; Parque das Ru\u00ednas &#8211; 2012<\/a>\n\t\t\t\n\t\t\t\t\t\t\t\t\n\t\t\t\t\n\t\t\t\t\t\t\t\t\n\t\t\t\t\t\t\t\t\n\t\t\n\t\t\t\t<a class=\"fusion-link-wrapper\" href=\"https:\/\/belbarcellos.com.br\/belbarcellos\/teatro-dos-ouvidos-the-theatre-of-the-ears-parque-das-ruinas-2012\/\" aria-label=\"Teatro dos Ouvidos | <i>The theatre of the ears<\/i> &#8211; Parque das Ru\u00ednas &#8211; 2012\"><\/a>\n\t<\/div>\n<\/div>\n\n\t\n<\/div>\n<\/li>\n\t\t\t\n\t\t\t\n\t\t\t\t\t\t\t\t\t\t\t\t\t\t\t\t\t\t\t\t\t\t\t\t\t\t\t\t\t\t\t\t\t\t\t\t\t\t\t\t\t\t\t\t\t\t\t\t\t\t\t\t\t\t\t\t\t\t\t\t\t\t\t\t\t\t\t\t<\/ul>\n\t<\/div>\n<div class=\"fusion-post-content-wrapper\" style=\"padding:10 15 10 15;\"><div class=\"fusion-post-content post-content\"><h2 class=\"blog-shortcode-post-title entry-title\"><a href=\"https:\/\/belbarcellos.com.br\/belbarcellos\/teatro-dos-ouvidos-the-theatre-of-the-ears-parque-das-ruinas-2012\/\">Teatro dos Ouvidos | <i>The theatre of the ears<\/i> &#8211; Parque das Ru\u00ednas &#8211; 2012<\/a><\/h2><\/div><\/div><div class=\"fusion-clearfix\"><\/div><\/div>\n<\/article>\n<article id=\"blog-1-post-880\" class=\"fusion-post-grid post-880 post type-post status-publish format-standard has-post-thumbnail hentry category-exhibitions\">\n<div class=\"fusion-post-wrapper\" style=\"background-color:rgba(255,255,255,0);border:1px solid #ffffff;border-bottom-width:3px;\">\n\n\t\t\t<div class=\"fusion-flexslider flexslider fusion-flexslider-loading fusion-post-slideshow\" style=&quot;border-color:#ffffff&quot;>\n\t\t<ul class=\"slides\">\n\t\t\t\n\t\t\t\t\t\t\t\t\t\t\t\t\t\t\t\t\t\t<li>\n\n<div  class=\"fusion-image-wrapper\" aria-haspopup=\"true\">\n\t\n\t\n\t\t\n\t\t\t\t\t<img loading=\"lazy\" decoding=\"async\" width=\"540\" height=\"400\" src=\"https:\/\/belbarcellos.com.br\/belbarcellos\/wp-content\/uploads\/2019\/11\/mini_fios-400x296.jpg\" class=\"attachment-full size-full wp-post-image\" alt=\"\" srcset=\"https:\/\/belbarcellos.com.br\/belbarcellos\/wp-content\/uploads\/2019\/11\/mini_fios-200x148.jpg 200w, https:\/\/belbarcellos.com.br\/belbarcellos\/wp-content\/uploads\/2019\/11\/mini_fios-400x296.jpg 400w, https:\/\/belbarcellos.com.br\/belbarcellos\/wp-content\/uploads\/2019\/11\/mini_fios.jpg 540w\" sizes=\"auto, (min-width: 2200px) 100vw, (min-width: 640px) 1170px, \" \/>\n\t\n\n\t\t<div class=\"fusion-rollover\">\n\t<div class=\"fusion-rollover-content\">\n\n\t\t\t\t\t\t\t\t\t\t\t\t\t\t<a class=\"fusion-rollover-link\" href=\"https:\/\/belbarcellos.com.br\/belbarcellos\/fios-hilos-threads-hilos-museo-de-arte-contemporaneo-ateneo-de-yucatan-2010\/\">Fios\/Hilos | <i>Threads\/Hilos<\/i> &#8211; Museo de Arte Contempor\u00e1neo Ateneo de Yucat\u00e1n &#8211; 2010<\/a>\n\t\t\t\n\t\t\t\t\t\t\t\t\n\t\t\t\t\n\t\t\t\t\t\t\t\t\n\t\t\t\t\t\t\t\t\n\t\t\n\t\t\t\t<a class=\"fusion-link-wrapper\" href=\"https:\/\/belbarcellos.com.br\/belbarcellos\/fios-hilos-threads-hilos-museo-de-arte-contemporaneo-ateneo-de-yucatan-2010\/\" aria-label=\"Fios\/Hilos | <i>Threads\/Hilos<\/i> &#8211; Museo de Arte Contempor\u00e1neo Ateneo de Yucat\u00e1n &#8211; 2010\"><\/a>\n\t<\/div>\n<\/div>\n\n\t\n<\/div>\n<\/li>\n\t\t\t\n\t\t\t\n\t\t\t\t\t\t\t\t\t\t\t\t\t\t\t\t\t\t\t\t\t\t\t\t\t\t\t\t\t\t\t\t\t\t\t\t\t\t\t\t\t\t\t\t\t\t\t\t\t\t\t\t\t\t\t\t\t\t\t\t\t\t\t\t\t\t\t\t<\/ul>\n\t<\/div>\n<div class=\"fusion-post-content-wrapper\" style=\"padding:10 15 10 15;\"><div class=\"fusion-post-content post-content\"><h2 class=\"blog-shortcode-post-title entry-title\"><a href=\"https:\/\/belbarcellos.com.br\/belbarcellos\/fios-hilos-threads-hilos-museo-de-arte-contemporaneo-ateneo-de-yucatan-2010\/\">Fios\/Hilos | <i>Threads\/Hilos<\/i> &#8211; Museo de Arte Contempor\u00e1neo Ateneo de Yucat\u00e1n &#8211; 2010<\/a><\/h2><\/div><\/div><div class=\"fusion-clearfix\"><\/div><\/div>\n<\/article>\n<article id=\"blog-1-post-910\" class=\"fusion-post-grid post-910 post type-post status-publish format-standard has-post-thumbnail hentry category-exhibitions\">\n<div class=\"fusion-post-wrapper\" style=\"background-color:rgba(255,255,255,0);border:1px solid #ffffff;border-bottom-width:3px;\">\n\n\t\t\t<div class=\"fusion-flexslider flexslider fusion-flexslider-loading fusion-post-slideshow\" style=&quot;border-color:#ffffff&quot;>\n\t\t<ul class=\"slides\">\n\t\t\t\n\t\t\t\t\t\t\t\t\t\t\t\t\t\t\t\t\t\t<li>\n\n<div  class=\"fusion-image-wrapper\" aria-haspopup=\"true\">\n\t\n\t\n\t\t\n\t\t\t\t\t<img loading=\"lazy\" decoding=\"async\" width=\"540\" height=\"400\" src=\"https:\/\/belbarcellos.com.br\/belbarcellos\/wp-content\/uploads\/2019\/11\/mini_alva-400x296.jpg\" class=\"attachment-full size-full wp-post-image\" alt=\"\" srcset=\"https:\/\/belbarcellos.com.br\/belbarcellos\/wp-content\/uploads\/2019\/11\/mini_alva-200x148.jpg 200w, https:\/\/belbarcellos.com.br\/belbarcellos\/wp-content\/uploads\/2019\/11\/mini_alva-400x296.jpg 400w, https:\/\/belbarcellos.com.br\/belbarcellos\/wp-content\/uploads\/2019\/11\/mini_alva.jpg 540w\" sizes=\"auto, (min-width: 2200px) 100vw, (min-width: 640px) 1170px, \" \/>\n\t\n\n\t\t<div class=\"fusion-rollover\">\n\t<div class=\"fusion-rollover-content\">\n\n\t\t\t\t\t\t\t\t\t\t\t\t\t\t<a class=\"fusion-rollover-link\" href=\"https:\/\/belbarcellos.com.br\/belbarcellos\/de-tao-alvas-quase-almas-whiteness-quasi-souls-centro-cultural-correios-2005\/\">De t\u00e3o alvas, quase almas | <i>Whiteness, quasi-souls<\/i> &#8211; Centro Cultural Correios &#8211; 2005<\/a>\n\t\t\t\n\t\t\t\t\t\t\t\t\n\t\t\t\t\n\t\t\t\t\t\t\t\t\n\t\t\t\t\t\t\t\t\n\t\t\n\t\t\t\t<a class=\"fusion-link-wrapper\" href=\"https:\/\/belbarcellos.com.br\/belbarcellos\/de-tao-alvas-quase-almas-whiteness-quasi-souls-centro-cultural-correios-2005\/\" aria-label=\"De t\u00e3o alvas, quase almas | <i>Whiteness, quasi-souls<\/i> &#8211; Centro Cultural Correios &#8211; 2005\"><\/a>\n\t<\/div>\n<\/div>\n\n\t\n<\/div>\n<\/li>\n\t\t\t\n\t\t\t\n\t\t\t\t\t\t\t\t\t\t\t\t\t\t\t\t\t\t\t\t\t\t\t\t\t\t\t\t\t\t\t\t\t\t\t\t\t\t\t\t\t\t\t\t\t\t\t\t\t\t\t\t\t\t\t\t\t\t\t\t\t\t\t\t\t\t\t\t<\/ul>\n\t<\/div>\n<div class=\"fusion-post-content-wrapper\" style=\"padding:10 15 10 15;\"><div class=\"fusion-post-content post-content\"><h2 class=\"blog-shortcode-post-title entry-title\"><a href=\"https:\/\/belbarcellos.com.br\/belbarcellos\/de-tao-alvas-quase-almas-whiteness-quasi-souls-centro-cultural-correios-2005\/\">De t\u00e3o alvas, quase almas | <i>Whiteness, quasi-souls<\/i> &#8211; Centro Cultural Correios &#8211; 2005<\/a><\/h2><\/div><\/div><div class=\"fusion-clearfix\"><\/div><\/div>\n<\/article>\n<div class=\"fusion-clearfix\"><\/div><\/div><\/div><div class=\"fusion-clearfix\"><\/div>\n\n\t\t\t\t\t<\/div>\n\t\t\t\t<\/div><div  class=\"fusion-layout-column fusion_builder_column fusion_builder_column_1_3  fusion-one-third fusion-column-first 1_3\"  style='margin-top:0px;margin-bottom:20px;width:30.6666%; margin-right: 4%;'>\n\t\t\t\t\t<div class=\"fusion-column-wrapper\" style=\"padding: 0px 0px 0px 0px;background-position:left top;background-repeat:no-repeat;-webkit-background-size:cover;-moz-background-size:cover;-o-background-size:cover;background-size:cover;\"  data-bg-url=\"\">\n\t\t\t\t\t\t<div class=\"fusion-clearfix\"><\/div>\n\n\t\t\t\t\t<\/div>\n\t\t\t\t<\/div><\/div><\/div>\n","protected":false},"excerpt":{"rendered":"","protected":false},"author":1,"featured_media":0,"parent":0,"menu_order":0,"comment_status":"closed","ping_status":"closed","template":"","meta":{"footnotes":""},"class_list":["post-405","page","type-page","status-publish","hentry"],"_links":{"self":[{"href":"https:\/\/belbarcellos.com.br\/belbarcellos\/wp-json\/wp\/v2\/pages\/405","targetHints":{"allow":["GET"]}}],"collection":[{"href":"https:\/\/belbarcellos.com.br\/belbarcellos\/wp-json\/wp\/v2\/pages"}],"about":[{"href":"https:\/\/belbarcellos.com.br\/belbarcellos\/wp-json\/wp\/v2\/types\/page"}],"author":[{"embeddable":true,"href":"https:\/\/belbarcellos.com.br\/belbarcellos\/wp-json\/wp\/v2\/users\/1"}],"replies":[{"embeddable":true,"href":"https:\/\/belbarcellos.com.br\/belbarcellos\/wp-json\/wp\/v2\/comments?post=405"}],"version-history":[{"count":8,"href":"https:\/\/belbarcellos.com.br\/belbarcellos\/wp-json\/wp\/v2\/pages\/405\/revisions"}],"predecessor-version":[{"id":566,"href":"https:\/\/belbarcellos.com.br\/belbarcellos\/wp-json\/wp\/v2\/pages\/405\/revisions\/566"}],"wp:attachment":[{"href":"https:\/\/belbarcellos.com.br\/belbarcellos\/wp-json\/wp\/v2\/media?parent=405"}],"curies":[{"name":"wp","href":"https:\/\/api.w.org\/{rel}","templated":true}]}}