{"id":370,"date":"2019-11-01T17:49:09","date_gmt":"2019-11-01T20:49:09","guid":{"rendered":"https:\/\/belbarcellos.com.br\/belbarcellos\/?page_id=370"},"modified":"2019-11-06T17:40:48","modified_gmt":"2019-11-06T20:40:48","slug":"texts","status":"publish","type":"page","link":"https:\/\/belbarcellos.com.br\/belbarcellos\/texts\/","title":{"rendered":"Textos\/Texts"},"content":{"rendered":"<div class=\"fusion-fullwidth fullwidth-box nonhundred-percent-fullwidth non-hundred-percent-height-scrolling\"  style='background-color: rgba(255,255,255,0);background-position: center center;background-repeat: no-repeat;padding-top:0px;padding-right:0px;padding-bottom:0px;padding-left:0px;'><div class=\"fusion-builder-row fusion-row \"><div  class=\"fusion-layout-column fusion_builder_column fusion_builder_column_1_1  fusion-one-full fusion-column-first fusion-column-last 1_1\"  style='margin-top:0px;margin-bottom:20px;'>\n\t\t\t\t\t<div class=\"fusion-column-wrapper\" style=\"padding: 0px 0px 0px 0px;background-position:left top;background-repeat:no-repeat;-webkit-background-size:cover;-moz-background-size:cover;-o-background-size:cover;background-size:cover;\"  data-bg-url=\"\">\n\t\t\t\t\t\t<div class=\"fusion-blog-shortcode fusion-blog-shortcode-1 fusion-blog-archive fusion-blog-layout-large fusion-blog-infinite fusion-blog-no-images\"><div class=\"fusion-posts-container fusion-posts-container-infinite fusion-no-meta-info\" data-pages=\"1\"><article id=\"blog-1-post-437\" class=\"fusion-post-large post-437 post type-post status-publish format-standard hentry category-texts\">\n<div class=\"fusion-post-content post-content\"><h2 class=\"blog-shortcode-post-title entry-title\"><a href=\"https:\/\/belbarcellos.com.br\/belbarcellos\/de-pedras-a-passaros-direcoes-e-sentidos-sonia-salcedo-del-castillo-2019\/\">De pedras a p\u00e1ssaros, dire\u00e7\u00f5es e sentidos | <i>From stones to birds, directions and meanings<\/i> &#8211; <b>Sonia Salcedo del Castillo<\/b> &#8211; 2019<\/a><\/h2><\/div><div class=\"fusion-clearfix\"><\/div><\/article>\n<article id=\"blog-1-post-242\" class=\"fusion-post-large post-242 post type-post status-publish format-standard hentry category-texts\">\n<div class=\"fusion-post-content post-content\"><h2 class=\"blog-shortcode-post-title entry-title\"><a href=\"https:\/\/belbarcellos.com.br\/belbarcellos\/conexoes-connections-3\/\">Conex\u00f5es | <i>Connections<\/i> &#8211; <b>Gabriela Davies<\/b> &#8211; 2018<\/a><\/h2><\/div><div class=\"fusion-clearfix\"><\/div><\/article>\n<article id=\"blog-1-post-426\" class=\"fusion-post-large post-426 post type-post status-publish format-standard hentry category-texts\">\n<div class=\"fusion-post-content post-content\"><h2 class=\"blog-shortcode-post-title entry-title\"><a href=\"https:\/\/belbarcellos.com.br\/belbarcellos\/como-somos-as-we-are-isabel-sanson-portella-2016\/\">Como somos | <i>As we are<\/i> &#8211; <b>Isabel Sanson Portella<\/b> &#8211; 2016<\/a><\/h2><\/div><div class=\"fusion-clearfix\"><\/div><\/article>\n<article id=\"blog-1-post-432\" class=\"fusion-post-large post-432 post type-post status-publish format-standard hentry category-texts\">\n<div class=\"fusion-post-content post-content\"><h2 class=\"blog-shortcode-post-title entry-title\"><a href=\"https:\/\/belbarcellos.com.br\/belbarcellos\/nos-entre-linhas-e-asas-both-of-us-between-threads-and-wings-sonia-salcedo-del-castillo-2014\/\">N\u00f3s, entre linhas e asas | <i>Both of us, between threads and wings<\/i> &#8211; <b>Sonia Salcedo del Castillo<\/b> &#8211; 2014<\/a><\/h2><\/div><div class=\"fusion-clearfix\"><\/div><\/article>\n<article id=\"blog-1-post-434\" class=\"fusion-post-large post-434 post type-post status-publish format-standard hentry category-texts\">\n<div class=\"fusion-post-content post-content\"><h2 class=\"blog-shortcode-post-title entry-title\"><a href=\"https:\/\/belbarcellos.com.br\/belbarcellos\/a-vida-por-muitos-fios-sonia-salcedo-del-castillo-2010\/\">A vida por muitos fios | <i>Life through many threads<\/i> &#8211; <b>Sonia Salcedo del Castillo<\/b> &#8211; 2010<\/a><\/h2><\/div><div class=\"fusion-clearfix\"><\/div><\/article>\n<article id=\"blog-1-post-429\" class=\"fusion-post-large post-429 post type-post status-publish format-standard hentry category-texts\">\n<div class=\"fusion-post-content post-content\"><h2 class=\"blog-shortcode-post-title entry-title\"><a href=\"https:\/\/belbarcellos.com.br\/belbarcellos\/onirica-fantasia-ficcao-ou-realidade-oneiric-fantasy-fiction-or-reality-sonia-salcedo-del-castillo-2010\/\">On\u00edrica fantasia: fic\u00e7\u00e3o ou realidade? | <i>Oneiric fantasy: fiction or reality?<\/i> &#8211; <b>Sonia Salcedo del Castillo<\/b> &#8211; 2010<\/a><\/h2><\/div><div class=\"fusion-clearfix\"><\/div><\/article>\n<article id=\"blog-1-post-416\" class=\"fusion-post-large post-416 post type-post status-publish format-standard hentry category-texts\">\n<div class=\"fusion-post-content post-content\"><h2 class=\"blog-shortcode-post-title entry-title\"><a href=\"https:\/\/belbarcellos.com.br\/belbarcellos\/alvas-quase-almas-como-alvas-whiteness-quasi-souls-lightness-sonia-salcedo-del-castillo-2004\/\">Alvas, quase-almas, como alvas | <i>Whiteness, quasi-souls, lightness<\/i> &#8211; <b>Sonia Salcedo del Castillo<\/b> &#8211; 2004<\/a><\/h2><\/div><div class=\"fusion-clearfix\"><\/div><\/article>\n<article id=\"blog-1-post-414\" class=\"fusion-post-large post-414 post type-post status-publish format-standard hentry category-texts\">\n<div class=\"fusion-post-content post-content\"><h2 class=\"blog-shortcode-post-title entry-title\"><a href=\"https:\/\/belbarcellos.com.br\/belbarcellos\/procissao-procession-paulo-reis-1998\/\">Prociss\u00e3o | <i>Procession<\/i> &#8211; <b>Paulo Reis<\/b> &#8211; 1998<\/a><\/h2><\/div><div class=\"fusion-clearfix\"><\/div><\/article>\n<article id=\"blog-1-post-412\" class=\"fusion-post-large post-412 post type-post status-publish format-standard hentry category-texts\">\n<div class=\"fusion-post-content post-content\"><h2 class=\"blog-shortcode-post-title entry-title\"><a href=\"https:\/\/belbarcellos.com.br\/belbarcellos\/a-pintura-de-bel-barcellos-the-paintings-of-bel-barcellos-ariano-suassuna-1997\/\">A pintura de Bel Barcellos | <i>The paintings of Bel Barcellos<\/i> &#8211; <b>Ariano Suassuna<\/b> &#8211; 1997<\/a><\/h2><\/div><div class=\"fusion-clearfix\"><\/div><\/article>\n<article id=\"blog-1-post-357\" class=\"fusion-post-large post-357 post type-post status-publish format-standard hentry category-texts\">\n<div class=\"fusion-post-content post-content\"><h2 class=\"blog-shortcode-post-title entry-title\"><a href=\"https:\/\/belbarcellos.com.br\/belbarcellos\/materia-passagem-espirito-flesh-death-spirit-paulo-reis-1996\/\">Mat\u00e9ria. Passagem. Esp\u00edrito. | <i>Flesh. Death. Spirit.<\/i> &#8211; <b>Paulo Reis<\/b> &#8211; 1996<\/a><\/h2><\/div><div class=\"fusion-clearfix\"><\/div><\/article>\n<article id=\"blog-1-post-352\" class=\"fusion-post-large post-352 post type-post status-publish format-standard hentry category-texts\">\n<div class=\"fusion-post-content post-content\"><h2 class=\"blog-shortcode-post-title entry-title\"><a href=\"https:\/\/belbarcellos.com.br\/belbarcellos\/tres-tempos-de-pintura-the-three-timings-of-painting-paulo-reis-data\/\">Tr\u00eas tempos de pintura | <i>The three timings of painting<\/i> &#8211; <b>Paulo Reis<\/b> &#8211; 1995<\/a><\/h2><\/div><div class=\"fusion-clearfix\"><\/div><\/article>\n<\/div><\/div><div class=\"fusion-clearfix\"><\/div>\n\n\t\t\t\t\t<\/div>\n\t\t\t\t<\/div><\/div><\/div>\n","protected":false},"excerpt":{"rendered":"","protected":false},"author":1,"featured_media":0,"parent":0,"menu_order":0,"comment_status":"closed","ping_status":"closed","template":"","meta":{"footnotes":""},"class_list":["post-370","page","type-page","status-publish","hentry"],"_links":{"self":[{"href":"https:\/\/belbarcellos.com.br\/belbarcellos\/wp-json\/wp\/v2\/pages\/370","targetHints":{"allow":["GET"]}}],"collection":[{"href":"https:\/\/belbarcellos.com.br\/belbarcellos\/wp-json\/wp\/v2\/pages"}],"about":[{"href":"https:\/\/belbarcellos.com.br\/belbarcellos\/wp-json\/wp\/v2\/types\/page"}],"author":[{"embeddable":true,"href":"https:\/\/belbarcellos.com.br\/belbarcellos\/wp-json\/wp\/v2\/users\/1"}],"replies":[{"embeddable":true,"href":"https:\/\/belbarcellos.com.br\/belbarcellos\/wp-json\/wp\/v2\/comments?post=370"}],"version-history":[{"count":10,"href":"https:\/\/belbarcellos.com.br\/belbarcellos\/wp-json\/wp\/v2\/pages\/370\/revisions"}],"predecessor-version":[{"id":530,"href":"https:\/\/belbarcellos.com.br\/belbarcellos\/wp-json\/wp\/v2\/pages\/370\/revisions\/530"}],"wp:attachment":[{"href":"https:\/\/belbarcellos.com.br\/belbarcellos\/wp-json\/wp\/v2\/media?parent=370"}],"curies":[{"name":"wp","href":"https:\/\/api.w.org\/{rel}","templated":true}]}}